{"id":33376,"date":"2024-06-13T21:18:58","date_gmt":"2024-06-14T00:18:58","guid":{"rendered":"https:\/\/cacodelphia.com\/?page_id=33376"},"modified":"2024-07-22T15:54:32","modified_gmt":"2024-07-22T18:54:32","slug":"gracias-contacto-cacodelphia","status":"publish","type":"page","link":"https:\/\/cacodelphia.com\/en\/gracias-contacto-cacodelphia\/","title":{"rendered":"Gracias por ponerte en contacto con Cacodelphia"},"content":{"rendered":"<div data-elementor-type=\"wp-page\" data-elementor-id=\"33376\" class=\"elementor elementor-33376\" data-elementor-post-type=\"page\">\n\t\t\t\t<div class=\"elementor-element elementor-element-62fb33f e-con-full sc_bg_mask_7 e-flex sc_inner_width_none sc_layouts_column_icons_position_left e-con e-parent\" data-id=\"62fb33f\" data-element_type=\"container\" data-e-type=\"container\" data-settings=\"{&quot;background_background&quot;:&quot;classic&quot;}\">\n\t\t\t\t<div class=\"elementor-element elementor-element-c84142f elementor-headline--style-rotate sc_fly_static elementor-widget elementor-widget-animated-headline\" data-id=\"c84142f\" data-element_type=\"widget\" data-e-type=\"widget\" data-settings=\"{&quot;headline_style&quot;:&quot;rotate&quot;,&quot;rotating_text&quot;:&quot;Cacodelphia.com&quot;,&quot;animation_type&quot;:&quot;typing&quot;,&quot;loop&quot;:&quot;yes&quot;,&quot;rotate_iteration_delay&quot;:2500}\" data-widget_type=\"animated-headline.default\">\n\t\t\t\t<div class=\"elementor-widget-container\">\n\t\t\t\t\t\t\t<h1 class=\"elementor-headline elementor-headline-animation-type-typing elementor-headline-letters\">\n\t\t\t\t\t<span class=\"elementor-headline-plain-text elementor-headline-text-wrapper\">Gracias por ponerte en contacto con<\/span>\n\t\t\t\t<span class=\"elementor-headline-dynamic-wrapper elementor-headline-text-wrapper\">\n\t\t\t\t\t<span class=\"elementor-headline-dynamic-text elementor-headline-text-active\">\n\t\t\t\tCacodelphia.com\t\t\t<\/span>\n\t\t\t\t\t\t<\/span>\n\t\t\t\t<\/h1>\n\t\t\t\t\t\t<\/div>\n\t\t\t\t<\/div>\n\t\t\t\t<\/div>\n\t\t<div class=\"elementor-element elementor-element-b04119e e-flex e-con-boxed sc_inner_width_none sc_layouts_column_icons_position_left e-con e-parent\" data-id=\"b04119e\" data-element_type=\"container\" data-e-type=\"container\" data-settings=\"{&quot;background_background&quot;:&quot;classic&quot;}\">\n\t\t\t\t\t<div class=\"e-con-inner\">\n\t\t\t\t<div class=\"elementor-element elementor-element-41863fb sc_height_tiny sc_fly_static elementor-widget elementor-widget-spacer\" data-id=\"41863fb\" data-element_type=\"widget\" data-e-type=\"widget\" data-widget_type=\"spacer.default\">\n\t\t\t\t<div class=\"elementor-widget-container\">\n\t\t\t\t\t\t\t<div class=\"elementor-spacer\">\n\t\t\t<div class=\"elementor-spacer-inner\"><\/div>\n\t\t<\/div>\n\t\t\t\t\t\t<\/div>\n\t\t\t\t<\/div>\n\t\t\t\t\t<\/div>\n\t\t\t\t<\/div>\n\t\t<div class=\"elementor-element elementor-element-f2f1fd3 e-flex e-con-boxed sc_inner_width_none sc_layouts_column_icons_position_left e-con e-parent\" data-id=\"f2f1fd3\" data-element_type=\"container\" data-e-type=\"container\" data-settings=\"{&quot;background_background&quot;:&quot;classic&quot;}\">\n\t\t\t\t\t<div class=\"e-con-inner\">\n\t\t\t\t<div class=\"elementor-element elementor-element-7e49964 sc_fly_static elementor-widget elementor-widget-heading\" data-id=\"7e49964\" data-element_type=\"widget\" data-e-type=\"widget\" data-widget_type=\"heading.default\">\n\t\t\t\t<div class=\"elementor-widget-container\">\n\t\t\t\t\t<div class=\"elementor-heading-title elementor-size-default\">Mientras procesamos tu consulta te invitamos a conocer nuestro portfolio<\/div>\t\t\t\t<\/div>\n\t\t\t\t<\/div>\n\t\t\t\t\t<\/div>\n\t\t\t\t<\/div>\n\t\t<div class=\"elementor-element elementor-element-482b7b5 e-flex e-con-boxed sc_inner_width_none sc_layouts_column_icons_position_left e-con e-parent\" data-id=\"482b7b5\" data-element_type=\"container\" data-e-type=\"container\" data-settings=\"{&quot;background_background&quot;:&quot;classic&quot;}\">\n\t\t\t\t\t<div class=\"e-con-inner\">\n\t\t\t\t<div class=\"elementor-element elementor-element-0bab07c elementor-widget-divider--view-line sc_fly_static elementor-widget elementor-widget-divider\" data-id=\"0bab07c\" data-element_type=\"widget\" data-e-type=\"widget\" data-widget_type=\"divider.default\">\n\t\t\t\t<div class=\"elementor-widget-container\">\n\t\t\t\t\t\t\t<div class=\"elementor-divider\">\n\t\t\t<span class=\"elementor-divider-separator\">\n\t\t\t\t\t\t<\/span>\n\t\t<\/div>\n\t\t\t\t\t\t<\/div>\n\t\t\t\t<\/div>\n\t\t\t\t\t<\/div>\n\t\t\t\t<\/div>\n\t\t<div class=\"elementor-element elementor-element-2b7e01d e-flex e-con-boxed sc_inner_width_none sc_layouts_column_icons_position_left e-con e-parent\" data-id=\"2b7e01d\" data-element_type=\"container\" data-e-type=\"container\" data-settings=\"{&quot;background_background&quot;:&quot;classic&quot;}\">\n\t\t\t\t\t<div class=\"e-con-inner\">\n\t\t\t\t<div class=\"elementor-element elementor-element-03c72c0 elementor-headline--style-highlight sc_fly_static elementor-widget elementor-widget-animated-headline\" data-id=\"03c72c0\" data-element_type=\"widget\" data-e-type=\"widget\" data-settings=\"{&quot;highlighted_text&quot;:&quot;PORTFOLIO&quot;,&quot;headline_style&quot;:&quot;highlight&quot;,&quot;marker&quot;:&quot;circle&quot;,&quot;loop&quot;:&quot;yes&quot;,&quot;highlight_animation_duration&quot;:1200,&quot;highlight_iteration_delay&quot;:8000}\" data-widget_type=\"animated-headline.default\">\n\t\t\t\t<div class=\"elementor-widget-container\">\n\t\t\t\t\t\t\t<h3 class=\"elementor-headline\">\n\t\t\t\t<span class=\"elementor-headline-dynamic-wrapper elementor-headline-text-wrapper\">\n\t\t\t\t\t<span class=\"elementor-headline-dynamic-text elementor-headline-text-active\">PORTFOLIO<\/span>\n\t\t\t\t<\/span>\n\t\t\t\t<\/h3>\n\t\t\t\t\t\t<\/div>\n\t\t\t\t<\/div>\n\t\t\t\t\t<\/div>\n\t\t\t\t<\/div>\n\t\t<div class=\"elementor-element elementor-element-ae46232 e-flex e-con-boxed sc_inner_width_none sc_layouts_column_icons_position_left e-con e-parent\" data-id=\"ae46232\" data-element_type=\"container\" data-e-type=\"container\" data-settings=\"{&quot;background_background&quot;:&quot;classic&quot;}\">\n\t\t\t\t\t<div class=\"e-con-inner\">\n\t\t<div class=\"elementor-element elementor-element-6210589 e-con-full e-flex sc_inner_width_none sc_layouts_column_icons_position_left e-con e-child\" data-id=\"6210589\" data-element_type=\"container\" data-e-type=\"container\">\n\t\t\t\t<div class=\"elementor-element elementor-element-11f9abc elementor-cta--skin-cover elementor-animated-content elementor-bg-transform elementor-bg-transform-zoom-in sc_fly_static elementor-widget elementor-widget-call-to-action\" data-id=\"11f9abc\" data-element_type=\"widget\" data-e-type=\"widget\" data-widget_type=\"call-to-action.default\">\n\t\t\t\t<div class=\"elementor-widget-container\">\n\t\t\t\t\t\t\t<a class=\"elementor-cta\" href=\"https:\/\/cacodelphia.com\/en\/cine-portfolio-cacodelphia\/\">\n\t\t\t\t\t<div class=\"elementor-cta__bg-wrapper\">\n\t\t\t\t<div class=\"elementor-cta__bg elementor-bg\" style=\"background-image: url(https:\/\/cacodelphia.com\/wp-content\/uploads\/2024\/07\/eternauta-1-300x180.png);\" role=\"img\" aria-label=\"eternauta\"><\/div>\n\t\t\t\t<div class=\"elementor-cta__bg-overlay\"><\/div>\n\t\t\t<\/div>\n\t\t\t\t\t\t\t<div class=\"elementor-cta__content\">\n\t\t\t\t\n\t\t\t\t\t\t\t\t\t<h2 class=\"elementor-cta__title elementor-cta__content-item elementor-content-item elementor-animated-item--grow\">\n\t\t\t\t\t\tFILM\t\t\t\t\t<\/h2>\n\t\t\t\t\n\t\t\t\t\n\t\t\t\t\t\t\t\t\t<div class=\"elementor-cta__button-wrapper elementor-cta__content-item elementor-content-item elementor-animated-item--grow\">\n\t\t\t\t\t<span class=\"elementor-cta__button elementor-button elementor-size-\">\n\t\t\t\t\t\t+MORE\t\t\t\t\t<\/span>\n\t\t\t\t\t<\/div>\n\t\t\t\t\t\t\t<\/div>\n\t\t\t\t\t\t<\/a>\n\t\t\t\t\t\t<\/div>\n\t\t\t\t<\/div>\n\t\t\t\t<\/div>\n\t\t<div class=\"elementor-element elementor-element-0fa92fa e-con-full e-flex sc_inner_width_none sc_layouts_column_icons_position_left e-con e-child\" data-id=\"0fa92fa\" data-element_type=\"container\" data-e-type=\"container\">\n\t\t\t\t<div class=\"elementor-element elementor-element-0063739 elementor-cta--skin-cover elementor-animated-content elementor-bg-transform elementor-bg-transform-zoom-in sc_fly_static elementor-widget elementor-widget-call-to-action\" data-id=\"0063739\" data-element_type=\"widget\" data-e-type=\"widget\" data-widget_type=\"call-to-action.default\">\n\t\t\t\t<div class=\"elementor-widget-container\">\n\t\t\t\t\t\t\t<a class=\"elementor-cta\" href=\"https:\/\/cacodelphia.com\/en\/publicidades-portfolio-cacodelphia\/\">\n\t\t\t\t\t<div class=\"elementor-cta__bg-wrapper\">\n\t\t\t\t<div class=\"elementor-cta__bg elementor-bg\" style=\"background-image: url(https:\/\/cacodelphia.com\/wp-content\/uploads\/2024\/07\/pisco-altos-carmen-cacodelphia-1024x614.png);\" role=\"img\" aria-label=\"pisco-altos-carmen-cacodelphia\"><\/div>\n\t\t\t\t<div class=\"elementor-cta__bg-overlay\"><\/div>\n\t\t\t<\/div>\n\t\t\t\t\t\t\t<div class=\"elementor-cta__content\">\n\t\t\t\t\n\t\t\t\t\t\t\t\t\t<h2 class=\"elementor-cta__title elementor-cta__content-item elementor-content-item elementor-animated-item--grow\">\n\t\t\t\t\t\tCOMMERCIALS\t\t\t\t\t<\/h2>\n\t\t\t\t\n\t\t\t\t\n\t\t\t\t\t\t\t\t\t<div class=\"elementor-cta__button-wrapper elementor-cta__content-item elementor-content-item elementor-animated-item--grow\">\n\t\t\t\t\t<span class=\"elementor-cta__button elementor-button elementor-size-\">\n\t\t\t\t\t\t+MORE\t\t\t\t\t<\/span>\n\t\t\t\t\t<\/div>\n\t\t\t\t\t\t\t<\/div>\n\t\t\t\t\t\t<\/a>\n\t\t\t\t\t\t<\/div>\n\t\t\t\t<\/div>\n\t\t\t\t<\/div>\n\t\t<div class=\"elementor-element elementor-element-4aa8984 e-con-full e-flex sc_inner_width_none sc_layouts_column_icons_position_left e-con e-child\" data-id=\"4aa8984\" data-element_type=\"container\" data-e-type=\"container\">\n\t\t\t\t<div class=\"elementor-element elementor-element-cd52429 elementor-cta--skin-cover elementor-bg-transform elementor-bg-transform-zoom-out elementor-animated-content sc_fly_static elementor-widget elementor-widget-call-to-action\" data-id=\"cd52429\" data-element_type=\"widget\" data-e-type=\"widget\" data-widget_type=\"call-to-action.default\">\n\t\t\t\t<div class=\"elementor-widget-container\">\n\t\t\t\t\t\t\t<a class=\"elementor-cta\" href=\"https:\/\/cacodelphia.com\/en\/videoclips-portfolio-cacodelphia\/\">\n\t\t\t\t\t<div class=\"elementor-cta__bg-wrapper\">\n\t\t\t\t<div class=\"elementor-cta__bg elementor-bg\" style=\"background-image: url(https:\/\/cacodelphia.com\/wp-content\/uploads\/2024\/07\/duki-apollo-13-cacodelphia-1024x614.png);\" role=\"img\" aria-label=\"duki-apollo-13-cacodelphia\"><\/div>\n\t\t\t\t<div class=\"elementor-cta__bg-overlay\"><\/div>\n\t\t\t<\/div>\n\t\t\t\t\t\t\t<div class=\"elementor-cta__content\">\n\t\t\t\t\n\t\t\t\t\t\t\t\t\t<h2 class=\"elementor-cta__title elementor-cta__content-item elementor-content-item elementor-animated-item--grow\">\n\t\t\t\t\t\tMUSIC VIDEOS\t\t\t\t\t<\/h2>\n\t\t\t\t\n\t\t\t\t\n\t\t\t\t\t\t\t\t\t<div class=\"elementor-cta__button-wrapper elementor-cta__content-item elementor-content-item elementor-animated-item--grow\">\n\t\t\t\t\t<span class=\"elementor-cta__button elementor-button elementor-size-\">\n\t\t\t\t\t\t+MORE\t\t\t\t\t<\/span>\n\t\t\t\t\t<\/div>\n\t\t\t\t\t\t\t<\/div>\n\t\t\t\t\t\t<\/a>\n\t\t\t\t\t\t<\/div>\n\t\t\t\t<\/div>\n\t\t\t\t<\/div>\n\t\t<div class=\"elementor-element elementor-element-086f009 e-con-full e-flex sc_inner_width_none sc_layouts_column_icons_position_left e-con e-child\" data-id=\"086f009\" data-element_type=\"container\" data-e-type=\"container\">\n\t\t\t\t<div class=\"elementor-element elementor-element-69803e8 elementor-cta--skin-cover elementor-bg-transform elementor-bg-transform-zoom-out elementor-animated-content sc_fly_static elementor-widget elementor-widget-call-to-action\" data-id=\"69803e8\" data-element_type=\"widget\" data-e-type=\"widget\" data-widget_type=\"call-to-action.default\">\n\t\t\t\t<div class=\"elementor-widget-container\">\n\t\t\t\t\t\t\t<a class=\"elementor-cta\" href=\"https:\/\/cacodelphia.com\/en\/tv-streaming-portfolio-cacodelphia\/\">\n\t\t\t\t\t<div class=\"elementor-cta__bg-wrapper\">\n\t\t\t\t<div class=\"elementor-cta__bg elementor-bg\" style=\"background-image: url(https:\/\/cacodelphia.com\/wp-content\/uploads\/2024\/07\/SpreenPong-1024x614.png);\" role=\"img\" aria-label=\"SpreenPong\"><\/div>\n\t\t\t\t<div class=\"elementor-cta__bg-overlay\"><\/div>\n\t\t\t<\/div>\n\t\t\t\t\t\t\t<div class=\"elementor-cta__content\">\n\t\t\t\t\n\t\t\t\t\t\t\t\t\t<h2 class=\"elementor-cta__title elementor-cta__content-item elementor-content-item elementor-animated-item--grow\">\n\t\t\t\t\t\tTV AND STREAMING\t\t\t\t\t<\/h2>\n\t\t\t\t\n\t\t\t\t\n\t\t\t\t\t\t\t\t\t<div class=\"elementor-cta__button-wrapper elementor-cta__content-item elementor-content-item elementor-animated-item--grow\">\n\t\t\t\t\t<span class=\"elementor-cta__button elementor-button elementor-size-\">\n\t\t\t\t\t\t+MORE\t\t\t\t\t<\/span>\n\t\t\t\t\t<\/div>\n\t\t\t\t\t\t\t<\/div>\n\t\t\t\t\t\t<\/a>\n\t\t\t\t\t\t<\/div>\n\t\t\t\t<\/div>\n\t\t\t\t<\/div>\n\t\t\t\t\t<\/div>\n\t\t\t\t<\/div>\n\t\t\t\t<\/div>","protected":false},"excerpt":{"rendered":"<p>Gracias por ponerte en contacto con Cacodelphia.com Mientras procesamos tu consulta te invitamos a conocer nuestro portfolio PORTFOLIO CINE +INFO PUBLICIDADES +INFO VIDEOCLIPS +INFO TV y STREAMING +INFO<\/p>","protected":false},"author":7,"featured_media":0,"parent":0,"menu_order":0,"comment_status":"closed","ping_status":"closed","template":"","meta":{"footnotes":""},"class_list":["post-33376","page","type-page","status-publish","hentry"],"yoast_head":"<!-- This site is optimized with the Yoast SEO plugin v27.4 - https:\/\/yoast.com\/product\/yoast-seo-wordpress\/ -->\n<title>Gracias por ponerte en contacto con Cacodelphia - Cacodelphia Studios<\/title>\n<meta name=\"robots\" content=\"index, follow, max-snippet:-1, max-image-preview:large, max-video-preview:-1\" \/>\n<link rel=\"canonical\" href=\"https:\/\/cacodelphia.com\/en\/gracias-contacto-cacodelphia\/\" \/>\n<meta property=\"og:locale\" content=\"en_US\" \/>\n<meta property=\"og:type\" content=\"article\" \/>\n<meta property=\"og:title\" content=\"Gracias por ponerte en contacto con Cacodelphia - Cacodelphia Studios\" \/>\n<meta property=\"og:description\" content=\"Gracias por ponerte en contacto con Cacodelphia.com Mientras procesamos tu consulta te invitamos a conocer nuestro portfolio PORTFOLIO CINE +INFO PUBLICIDADES +INFO VIDEOCLIPS +INFO TV y STREAMING +INFO\" \/>\n<meta property=\"og:url\" content=\"https:\/\/cacodelphia.com\/en\/gracias-contacto-cacodelphia\/\" \/>\n<meta property=\"og:site_name\" content=\"Cacodelphia Studios\" \/>\n<meta property=\"article:publisher\" content=\"https:\/\/www.facebook.com\/cacodelphiacine\" \/>\n<meta property=\"article:modified_time\" content=\"2024-07-22T18:54:32+00:00\" \/>\n<meta name=\"twitter:card\" content=\"summary_large_image\" \/>\n<meta name=\"twitter:label1\" content=\"Est. reading time\" \/>\n\t<meta name=\"twitter:data1\" content=\"1 minute\" \/>\n<!-- \/ Yoast SEO plugin. -->","yoast_head_json":{"title":"Gracias por ponerte en contacto con Cacodelphia - Cacodelphia Studios","robots":{"index":"index","follow":"follow","max-snippet":"max-snippet:-1","max-image-preview":"max-image-preview:large","max-video-preview":"max-video-preview:-1"},"canonical":"https:\/\/cacodelphia.com\/en\/gracias-contacto-cacodelphia\/","og_locale":"en_US","og_type":"article","og_title":"Gracias por ponerte en contacto con Cacodelphia - Cacodelphia Studios","og_description":"Gracias por ponerte en contacto con Cacodelphia.com Mientras procesamos tu consulta te invitamos a conocer nuestro portfolio PORTFOLIO CINE +INFO PUBLICIDADES +INFO VIDEOCLIPS +INFO TV y STREAMING +INFO","og_url":"https:\/\/cacodelphia.com\/en\/gracias-contacto-cacodelphia\/","og_site_name":"Cacodelphia Studios","article_publisher":"https:\/\/www.facebook.com\/cacodelphiacine","article_modified_time":"2024-07-22T18:54:32+00:00","twitter_card":"summary_large_image","twitter_misc":{"Est. reading time":"1 minute"},"schema":{"@context":"https:\/\/schema.org","@graph":[{"@type":"WebPage","@id":"https:\/\/cacodelphia.com\/gracias-contacto-cacodelphia\/","url":"https:\/\/cacodelphia.com\/gracias-contacto-cacodelphia\/","name":"Gracias por ponerte en contacto con Cacodelphia - Cacodelphia Studios","isPartOf":{"@id":"https:\/\/cacodelphia.com\/#website"},"datePublished":"2024-06-14T00:18:58+00:00","dateModified":"2024-07-22T18:54:32+00:00","breadcrumb":{"@id":"https:\/\/cacodelphia.com\/gracias-contacto-cacodelphia\/#breadcrumb"},"inLanguage":"en-US","potentialAction":[{"@type":"ReadAction","target":["https:\/\/cacodelphia.com\/gracias-contacto-cacodelphia\/"]}]},{"@type":"BreadcrumbList","@id":"https:\/\/cacodelphia.com\/gracias-contacto-cacodelphia\/#breadcrumb","itemListElement":[{"@type":"ListItem","position":1,"name":"Inicio","item":"https:\/\/cacodelphia.com\/"},{"@type":"ListItem","position":2,"name":"Gracias por ponerte en contacto con Cacodelphia"}]},{"@type":"WebSite","@id":"https:\/\/cacodelphia.com\/#website","url":"https:\/\/cacodelphia.com\/","name":"Cacodelphia Studios","description":"Cacodelphia tiene uno de los m\u00e1s grandes inventarios de tecnolog\u00eda de producci\u00f3n. Todo lo que necesita est\u00e1 a la mano. Sin perdidas de tiempo.","publisher":{"@id":"https:\/\/cacodelphia.com\/#organization"},"potentialAction":[{"@type":"SearchAction","target":{"@type":"EntryPoint","urlTemplate":"https:\/\/cacodelphia.com\/?s={search_term_string}"},"query-input":{"@type":"PropertyValueSpecification","valueRequired":true,"valueName":"search_term_string"}}],"inLanguage":"en-US"},{"@type":"Organization","@id":"https:\/\/cacodelphia.com\/#organization","name":"Cacodelphia Studios","url":"https:\/\/cacodelphia.com\/","logo":{"@type":"ImageObject","inLanguage":"en-US","@id":"https:\/\/cacodelphia.com\/#\/schema\/logo\/image\/","url":"https:\/\/cacodelphia.com\/wp-content\/uploads\/2023\/10\/cropped-icono-caco.jpg","contentUrl":"https:\/\/cacodelphia.com\/wp-content\/uploads\/2023\/10\/cropped-icono-caco.jpg","width":512,"height":512,"caption":"Cacodelphia Studios"},"image":{"@id":"https:\/\/cacodelphia.com\/#\/schema\/logo\/image\/"},"sameAs":["https:\/\/www.facebook.com\/cacodelphiacine","https:\/\/www.instagram.com\/cacodelphiastudios\/","https:\/\/www.linkedin.com\/company\/cacodelphia\/"]}]}},"_links":{"self":[{"href":"https:\/\/cacodelphia.com\/en\/wp-json\/wp\/v2\/pages\/33376","targetHints":{"allow":["GET"]}}],"collection":[{"href":"https:\/\/cacodelphia.com\/en\/wp-json\/wp\/v2\/pages"}],"about":[{"href":"https:\/\/cacodelphia.com\/en\/wp-json\/wp\/v2\/types\/page"}],"author":[{"embeddable":true,"href":"https:\/\/cacodelphia.com\/en\/wp-json\/wp\/v2\/users\/7"}],"replies":[{"embeddable":true,"href":"https:\/\/cacodelphia.com\/en\/wp-json\/wp\/v2\/comments?post=33376"}],"version-history":[{"count":3,"href":"https:\/\/cacodelphia.com\/en\/wp-json\/wp\/v2\/pages\/33376\/revisions"}],"predecessor-version":[{"id":33719,"href":"https:\/\/cacodelphia.com\/en\/wp-json\/wp\/v2\/pages\/33376\/revisions\/33719"}],"wp:attachment":[{"href":"https:\/\/cacodelphia.com\/en\/wp-json\/wp\/v2\/media?parent=33376"}],"curies":[{"name":"wp","href":"https:\/\/api.w.org\/{rel}","templated":true}]}}